{"id":9566,"date":"2017-07-01T20:17:30","date_gmt":"2017-07-01T18:17:30","guid":{"rendered":"http:\/\/www.cklcomunicaciones.es\/politica-de-cookies\/"},"modified":"2025-02-20T13:17:57","modified_gmt":"2025-02-20T12:17:57","slug":"politica-de-cookies","status":"publish","type":"page","link":"https:\/\/cklcomunicaciones.es\/coop\/politica-de-cookies\/","title":{"rendered":"Pol\u00edtica de cookies"},"content":{"rendered":"<div class=\"fusion-fullwidth fullwidth-box fusion-builder-row-1 fusion-flex-container has-pattern-background has-mask-background nonhundred-percent-fullwidth non-hundred-percent-height-scrolling\" style=\"--awb-border-radius-top-left:0px;--awb-border-radius-top-right:0px;--awb-border-radius-bottom-right:0px;--awb-border-radius-bottom-left:0px;--awb-margin-top:20px;--awb-flex-wrap:wrap;\" ><div class=\"fusion-builder-row fusion-row fusion-flex-align-items-flex-start fusion-flex-content-wrap\" style=\"max-width:1248px;margin-left: calc(-4% \/ 2 );margin-right: calc(-4% \/ 2 );\"><div class=\"fusion-layout-column fusion_builder_column fusion-builder-column-0 fusion_builder_column_1_1 1_1 fusion-flex-column\" style=\"--awb-bg-blend:overlay;--awb-bg-size:cover;--awb-width-large:100%;--awb-margin-top-large:0px;--awb-spacing-right-large:1.92%;--awb-margin-bottom-large:0px;--awb-spacing-left-large:1.92%;--awb-width-medium:100%;--awb-spacing-right-medium:1.92%;--awb-spacing-left-medium:1.92%;--awb-width-small:100%;--awb-spacing-right-small:1.92%;--awb-spacing-left-small:1.92%;\"><div class=\"fusion-column-wrapper fusion-flex-justify-content-flex-start fusion-content-layout-column\"><div class=\"fusion-text fusion-text-1\"><p><strong><i class=\"fb-icon-element-1 fb-icon-element fontawesome-icon fa-cookie-bite fas circle-no fusion-text-flow\" style=\"--awb-iconcolor:var(--awb-custom_color_8);--awb-iconcolor-hover:var(--awb-custom_color_8);--awb-font-size:18px;--awb-margin-right:9px;\"><\/i>\u00a0<\/strong><strong>\u00bfQu\u00e9 es una cookie?<\/strong><\/p>\n<p>Es un fichero que se descarga en su ordenador u otro dispositivo al acceder a determinadas p\u00e1ginas web que recogen informaci\u00f3n sobre su navegaci\u00f3n en dicho sitio web. En algunos casos las cookies resultan necesarias para facilitar la navegaci\u00f3n y permiten almacenar y recuperar informaci\u00f3n sobre los h\u00e1bitos de navegaci\u00f3n de una persona usuaria o de su equipo, entre otras cosas y, seg\u00fan la informaci\u00f3n que contengan y de la forma en que utilice su equipo, pueden utilizarse para reconocer a la persona usuaria.<\/p>\n<p><strong><i class=\"fb-icon-element-2 fb-icon-element fontawesome-icon fa-cookie-bite fas circle-no fusion-text-flow\" style=\"--awb-iconcolor:var(--awb-custom_color_8);--awb-iconcolor-hover:var(--awb-custom_color_8);--awb-font-size:18px;--awb-margin-right:9px;\"><\/i>\u00a0Identificaci\u00f3n de cookies utilizadas<\/strong><\/p>\n<p>Siguiendo las directrices establecidas por la Agencia Espa\u00f1ola de Protecci\u00f3n de Datos, las cookies empleadas en esta web se clasifican de la siguiente forma:<\/p>\n<ul>\n<li><strong>Cookies propias:<\/strong>\u00a0Son aqu\u00e9llas que se env\u00edan al equipo terminal de la persona usuaria desde un equipo o dominio gestionado por el propio editor y desde el que se presta el servicio solicitado por la persona usuaria.<\/li>\n<li><strong>Cookies de tercero:<\/strong>\u00a0Son aqu\u00e9llas que se env\u00edan al equipo terminal de la persona usuaria desde un equipo o dominio que no es gestionado por el editor, sino por otra entidad que trata los datos obtenidos a trav\u00e9s de las cookies.<\/li>\n<li><strong>Cookies de sesi\u00f3n:<\/strong>\u00a0Recaban y almacenan datos mientras la persona usuaria accede a una p\u00e1gina web.<\/li>\n<li><strong>Cookies persistentes:<\/strong>\u00a0Son las que tienen un plazo de caducidad de un m\u00e1ximo de 2 a\u00f1os desde la fecha de creaci\u00f3n, lo que significa que durante ese tiempo los datos seguir\u00e1n almacenados en el terminal, pudiendo ser accedidos y tratados.<\/li>\n<li><strong>Cookies t\u00e9cnicas:<\/strong>\u00a0Permiten a la persona usuaria la navegaci\u00f3n a trav\u00e9s de una p\u00e1gina web, plataforma o aplicaci\u00f3n y la utilizaci\u00f3n de las diferentes opciones o servicios que en ella existan.<\/li>\n<li><strong>Cookies de personalizaci\u00f3n:<\/strong>\u00a0Permiten a la persona usuaria acceder al servicio con algunas caracter\u00edsticas de car\u00e1cter general predefinidas en funci\u00f3n de una serie de criterios en el terminal de la persona usuaria como, por ejemplo, el idioma, el tipo de navegador a trav\u00e9s del cual accede al servicio, la configuraci\u00f3n regional desde donde accede al servicio, etc.<\/li>\n<li><strong>Cookies de an\u00e1lisis:<\/strong>\u00a0Permiten al responsable de las mismas, el seguimiento y an\u00e1lisis del comportamiento de las personas usuarias de los sitios web a los que est\u00e1n vinculadas. La informaci\u00f3n recogida mediante este tipo de cookies se utiliza en la medici\u00f3n de la actividad de los sitios web, aplicaci\u00f3n o plataforma y para la elaboraci\u00f3n de perfiles de navegaci\u00f3n de las persona usuarias de dichos sitios, aplicaciones y plataformas, con el fin de introducir mejoras en funci\u00f3n del an\u00e1lisis de los datos de uso que hacen las persona usuarias del servicio.<\/li>\n<li><strong>Cookies publicitarias:<\/strong>\u00a0Permiten la gesti\u00f3n, de la forma m\u00e1s eficaz posible, de los espacios publicitarios que, en su caso, el editor haya incluido en una p\u00e1gina web, aplicaci\u00f3n o plataforma desde la que presta el servicio solicitado en base a criterios como el contenido editado o la frecuencia en la que se muestran los anuncios.<\/li>\n<li><strong>Cookies de publicidad comportamental:<\/strong>\u00a0Permiten la gesti\u00f3n, de la forma m\u00e1s eficaz posible, de los espacios publicitarios que, en su caso, el editor haya incluido en una p\u00e1gina web, aplicaci\u00f3n o plataforma desde la que presta el servicio solicitado. Estas cookies almacenan informaci\u00f3n del comportamiento de las personas usuarias obtenida a trav\u00e9s de la observaci\u00f3n continuada de sus h\u00e1bitos de navegaci\u00f3n, lo que permite desarrollar un perfil espec\u00edfico para mostrar publicidad en funci\u00f3n del mismo.<\/li>\n<\/ul>\n<p>CKL Comunicaciones, S. Coop. And. utiliza los servicios de un tercero, incluyendo cookies, para recopilar y analizar la informaci\u00f3n sobre el sitio web con el objetivo de comprender mejor el tipo de personas que visitan la p\u00e1gina y sus intereses. Informaci\u00f3n m\u00e1s detallada de c\u00f3mo se recaba esta informaci\u00f3n en los <a href=\"https:\/\/marketingplatform.google.com\/about\/analytics\/terms\/es\/\">T\u00e9rminos del Servicio de Google Analytics<\/a>.<\/p>\n<p><strong><i class=\"fb-icon-element-3 fb-icon-element fontawesome-icon fa-cookie-bite fas circle-no fusion-text-flow\" style=\"--awb-iconcolor:var(--awb-custom_color_8);--awb-iconcolor-hover:var(--awb-custom_color_8);--awb-font-size:18px;--awb-margin-right:9px;\"><\/i>\u00a0Desactivaci\u00f3n de cookies<\/strong><\/p>\n<p>Puede usted permitir, bloquear o eliminar las cookies instaladas en su equipo mediante la configuraci\u00f3n de las opciones del navegador instalado en su ordenador. Por favor, lea atentamente la secci\u00f3n de ayuda de su navegador para conocer m\u00e1s acerca de c\u00f3mo activar el \u201cmodo privado\u201d o desbloquear determinadas cookies.<\/p>\n<ul>\n<li><strong>Internet Explorer:<\/strong>\u00a0Puede consultar el soporte de Microsoft o la Ayuda del navegador.\u00a0<a href=\"https:\/\/windows.microsoft.com\/es-es\/windows7\/how-to-manage-cookies-in-internet-explorer-9\">Enlace<\/a><\/li>\n<li><strong>Firefox:<\/strong>\u00a0Puede consultar el soporte de Mozilla o la Ayuda del navegador.\u00a0<a href=\"https:\/\/support.mozilla.org\/es\/kb\/habilitar-y-deshabilitar-cookies-que-los-sitios-we\">Enlace<\/a><\/li>\n<li><strong>Chrome:<\/strong>\u00a0Puede consultar el soporte de Google o la Ayuda del navegador.\u00a0<a href=\"https:\/\/support.google.com\/chrome\/bin\/answer.py?hl=es&amp;answer=95647\">Enlace<\/a><\/li>\n<li><strong>Safari:<\/strong>\u00a0Puede consultar el soporte de Apple o la Ayuda del navegador.\u00a0<a href=\"https:\/\/support.apple.com\/kb\/ph5042\">Enlace<\/a><\/li>\n<\/ul>\n<p>CKL Comunicaciones, S. Coop. And. desea poner de manifiesto que la variaci\u00f3n de las cookies que aparezcan en esta web puede no estar relacionada con la gesti\u00f3n y el mantenimiento de la misma, por lo que se llevan a cabo revisiones peri\u00f3dicas para adecuar su pol\u00edtica de cookies.<\/p>\n<p>CKL Comunicaciones, S. Coop. And. no asume ninguna responsabilidad por problemas legales o t\u00e9cnicos causados por el incumplimiento por parte de la persona usuaria de las recomendaciones incluidas. Esta comunicaci\u00f3n se realiza para el conocimiento y uso de las personas usuarias, por consiguiente, no debe utilizarse para ninguna otra finalidad.<\/p>\n<p>CKL Comunicaciones, S. Coop. And. no se hace responsable del contenido y veracidad de las pol\u00edticas de privacidad de los terceros incluidas en esta pol\u00edtica de cookies.<\/p>\n<p>Si tiene dudas sobre esta pol\u00edtica de cookies, puede contactar con nosotros en\u00a0<a href=\"mailto:info@cklcomunicaciones.es\">info@cklcomunicaciones.es<\/a>.<\/p>\n<p><strong><i class=\"fb-icon-element-4 fb-icon-element fontawesome-icon fa-cookie-bite fas circle-no fusion-text-flow\" style=\"--awb-iconcolor:var(--awb-custom_color_8);--awb-iconcolor-hover:var(--awb-custom_color_8);--awb-font-size:18px;--awb-margin-right:9px;\"><\/i>\u00a0Actualizaciones y cambios en la Pol\u00edtica de Cookies<\/strong><\/p>\n<p>La Web\u00a0<a href=\"http:\/\/www.cklcomunicaciones.es\">www.cklcomunicaciones.es<\/a>\u00a0de\u00a0CKL Comunicaciones, S. Coop. And. podr\u00e1 modificar esta Pol\u00edtica de Cookies en funci\u00f3n de exigencias legislativas, reglamentarias o con la finalidad de adaptar dicha pol\u00edtica a las instrucciones dictadas por la Agencia Espa\u00f1ola de Protecci\u00f3n de Datos, por ello se aconseja a las personas usuarias que la visiten peri\u00f3dicamente.<\/p>\n<p><strong>\u00daltima actualizaci\u00f3n:<\/strong>\u00a0Diciembre de 2024.<\/p>\n<\/div><\/div><\/div><\/div><\/div>\n","protected":false},"excerpt":{"rendered":"","protected":false},"author":3,"featured_media":0,"parent":0,"menu_order":0,"comment_status":"closed","ping_status":"closed","template":"","meta":{"footnotes":""},"class_list":["post-9566","page","type-page","status-publish","hentry"],"yoast_head":"<!-- This site is optimized with the Yoast SEO plugin v27.5 - https:\/\/yoast.com\/product\/yoast-seo-wordpress\/ -->\n<title>Pol\u00edtica de cookies - CKL Comunicaciones Coop<\/title>\n<meta name=\"description\" content=\"Una cookie es un peque\u00f1o fichero de texto que se almacena en su navegador cuando visita una p\u00e1gina web. Su utilidad es recordar su visita...\" \/>\n<meta name=\"robots\" content=\"index, follow, max-snippet:-1, max-image-preview:large, max-video-preview:-1\" \/>\n<link rel=\"canonical\" href=\"https:\/\/cklcomunicaciones.es\/coop\/politica-de-cookies\/\" \/>\n<meta property=\"og:locale\" content=\"es_ES\" \/>\n<meta property=\"og:type\" content=\"article\" \/>\n<meta property=\"og:title\" content=\"Pol\u00edtica de cookies - CKL Comunicaciones Coop\" \/>\n<meta property=\"og:description\" content=\"Una cookie es un peque\u00f1o fichero de texto que se almacena en su navegador cuando visita una p\u00e1gina web. Su utilidad es recordar su visita...\" \/>\n<meta property=\"og:url\" content=\"https:\/\/cklcomunicaciones.es\/coop\/politica-de-cookies\/\" \/>\n<meta property=\"og:site_name\" content=\"CKL Comunicaciones\" \/>\n<meta property=\"article:modified_time\" content=\"2025-02-20T12:17:57+00:00\" \/>\n<meta property=\"og:image\" content=\"https:\/\/cklcomunicaciones.es\/coop\/wp-content\/uploads\/2021\/04\/CKL-MiradaDistinta-newsletter2021_1200-x-675.jpg\" \/>\n\t<meta property=\"og:image:width\" content=\"1200\" \/>\n\t<meta property=\"og:image:height\" content=\"676\" \/>\n\t<meta property=\"og:image:type\" content=\"image\/jpeg\" \/>\n<meta name=\"twitter:card\" content=\"summary_large_image\" \/>\n<meta name=\"twitter:label1\" content=\"Tiempo de lectura\" \/>\n\t<meta name=\"twitter:data1\" content=\"5 minutos\" \/>\n<script type=\"application\/ld+json\" class=\"yoast-schema-graph\">{\"@context\":\"https:\\\/\\\/schema.org\",\"@graph\":[{\"@type\":\"WebPage\",\"@id\":\"https:\\\/\\\/cklcomunicaciones.es\\\/coop\\\/politica-de-cookies\\\/\",\"url\":\"https:\\\/\\\/cklcomunicaciones.es\\\/coop\\\/politica-de-cookies\\\/\",\"name\":\"Pol\u00edtica de cookies - CKL Comunicaciones Coop\",\"isPartOf\":{\"@id\":\"https:\\\/\\\/cklcomunicaciones.es\\\/coop\\\/#website\"},\"datePublished\":\"2017-07-01T18:17:30+00:00\",\"dateModified\":\"2025-02-20T12:17:57+00:00\",\"description\":\"Una cookie es un peque\u00f1o fichero de texto que se almacena en su navegador cuando visita una p\u00e1gina web. Su utilidad es recordar su visita...\",\"breadcrumb\":{\"@id\":\"https:\\\/\\\/cklcomunicaciones.es\\\/coop\\\/politica-de-cookies\\\/#breadcrumb\"},\"inLanguage\":\"es\",\"potentialAction\":[{\"@type\":\"ReadAction\",\"target\":[\"https:\\\/\\\/cklcomunicaciones.es\\\/coop\\\/politica-de-cookies\\\/\"]}]},{\"@type\":\"BreadcrumbList\",\"@id\":\"https:\\\/\\\/cklcomunicaciones.es\\\/coop\\\/politica-de-cookies\\\/#breadcrumb\",\"itemListElement\":[{\"@type\":\"ListItem\",\"position\":1,\"name\":\"Portada\",\"item\":\"https:\\\/\\\/cklcomunicaciones.es\\\/coop\\\/\"},{\"@type\":\"ListItem\",\"position\":2,\"name\":\"Pol\u00edtica de cookies\"}]},{\"@type\":\"WebSite\",\"@id\":\"https:\\\/\\\/cklcomunicaciones.es\\\/coop\\\/#website\",\"url\":\"https:\\\/\\\/cklcomunicaciones.es\\\/coop\\\/\",\"name\":\"CKL Comunicaciones\",\"description\":\"Sitio web de CKL Comunicaciones coop , la consultora de comunicaci\u00f3n y estrategia\",\"potentialAction\":[{\"@type\":\"SearchAction\",\"target\":{\"@type\":\"EntryPoint\",\"urlTemplate\":\"https:\\\/\\\/cklcomunicaciones.es\\\/coop\\\/?s={search_term_string}\"},\"query-input\":{\"@type\":\"PropertyValueSpecification\",\"valueRequired\":true,\"valueName\":\"search_term_string\"}}],\"inLanguage\":\"es\"}]}<\/script>\n<!-- \/ Yoast SEO plugin. -->","yoast_head_json":{"title":"Pol\u00edtica de cookies - CKL Comunicaciones Coop","description":"Una cookie es un peque\u00f1o fichero de texto que se almacena en su navegador cuando visita una p\u00e1gina web. Su utilidad es recordar su visita...","robots":{"index":"index","follow":"follow","max-snippet":"max-snippet:-1","max-image-preview":"max-image-preview:large","max-video-preview":"max-video-preview:-1"},"canonical":"https:\/\/cklcomunicaciones.es\/coop\/politica-de-cookies\/","og_locale":"es_ES","og_type":"article","og_title":"Pol\u00edtica de cookies - CKL Comunicaciones Coop","og_description":"Una cookie es un peque\u00f1o fichero de texto que se almacena en su navegador cuando visita una p\u00e1gina web. Su utilidad es recordar su visita...","og_url":"https:\/\/cklcomunicaciones.es\/coop\/politica-de-cookies\/","og_site_name":"CKL Comunicaciones","article_modified_time":"2025-02-20T12:17:57+00:00","og_image":[{"width":1200,"height":676,"url":"https:\/\/cklcomunicaciones.es\/coop\/wp-content\/uploads\/2021\/04\/CKL-MiradaDistinta-newsletter2021_1200-x-675.jpg","type":"image\/jpeg"}],"twitter_card":"summary_large_image","twitter_misc":{"Tiempo de lectura":"5 minutos"},"schema":{"@context":"https:\/\/schema.org","@graph":[{"@type":"WebPage","@id":"https:\/\/cklcomunicaciones.es\/coop\/politica-de-cookies\/","url":"https:\/\/cklcomunicaciones.es\/coop\/politica-de-cookies\/","name":"Pol\u00edtica de cookies - CKL Comunicaciones Coop","isPartOf":{"@id":"https:\/\/cklcomunicaciones.es\/coop\/#website"},"datePublished":"2017-07-01T18:17:30+00:00","dateModified":"2025-02-20T12:17:57+00:00","description":"Una cookie es un peque\u00f1o fichero de texto que se almacena en su navegador cuando visita una p\u00e1gina web. Su utilidad es recordar su visita...","breadcrumb":{"@id":"https:\/\/cklcomunicaciones.es\/coop\/politica-de-cookies\/#breadcrumb"},"inLanguage":"es","potentialAction":[{"@type":"ReadAction","target":["https:\/\/cklcomunicaciones.es\/coop\/politica-de-cookies\/"]}]},{"@type":"BreadcrumbList","@id":"https:\/\/cklcomunicaciones.es\/coop\/politica-de-cookies\/#breadcrumb","itemListElement":[{"@type":"ListItem","position":1,"name":"Portada","item":"https:\/\/cklcomunicaciones.es\/coop\/"},{"@type":"ListItem","position":2,"name":"Pol\u00edtica de cookies"}]},{"@type":"WebSite","@id":"https:\/\/cklcomunicaciones.es\/coop\/#website","url":"https:\/\/cklcomunicaciones.es\/coop\/","name":"CKL Comunicaciones","description":"Sitio web de CKL Comunicaciones coop , la consultora de comunicaci\u00f3n y estrategia","potentialAction":[{"@type":"SearchAction","target":{"@type":"EntryPoint","urlTemplate":"https:\/\/cklcomunicaciones.es\/coop\/?s={search_term_string}"},"query-input":{"@type":"PropertyValueSpecification","valueRequired":true,"valueName":"search_term_string"}}],"inLanguage":"es"}]}},"_links":{"self":[{"href":"https:\/\/cklcomunicaciones.es\/coop\/wp-json\/wp\/v2\/pages\/9566","targetHints":{"allow":["GET"]}}],"collection":[{"href":"https:\/\/cklcomunicaciones.es\/coop\/wp-json\/wp\/v2\/pages"}],"about":[{"href":"https:\/\/cklcomunicaciones.es\/coop\/wp-json\/wp\/v2\/types\/page"}],"author":[{"embeddable":true,"href":"https:\/\/cklcomunicaciones.es\/coop\/wp-json\/wp\/v2\/users\/3"}],"replies":[{"embeddable":true,"href":"https:\/\/cklcomunicaciones.es\/coop\/wp-json\/wp\/v2\/comments?post=9566"}],"version-history":[{"count":0,"href":"https:\/\/cklcomunicaciones.es\/coop\/wp-json\/wp\/v2\/pages\/9566\/revisions"}],"wp:attachment":[{"href":"https:\/\/cklcomunicaciones.es\/coop\/wp-json\/wp\/v2\/media?parent=9566"}],"curies":[{"name":"wp","href":"https:\/\/api.w.org\/{rel}","templated":true}]}}