{"id":9565,"date":"2017-07-01T20:17:30","date_gmt":"2017-07-01T18:17:30","guid":{"rendered":"http:\/\/www.cklcomunicaciones.es\/mas-informacion-sobre-las-cookies\/"},"modified":"2017-11-30T13:35:44","modified_gmt":"2017-11-30T12:35:44","slug":"mas-informacion-sobre-las-cookies","status":"publish","type":"page","link":"https:\/\/cklcomunicaciones.es\/coop\/mas-informacion-sobre-las-cookies\/","title":{"rendered":"M\u00e1s informaci\u00f3n sobre las cookies"},"content":{"rendered":"<h2>\u00bfQu\u00e9 es una cookie?<\/h2>\n<p>Una <b>cookie<\/b> es un fichero de texto <b>inofensivo<\/b> que se almacena en su navegador cuando visita casi cualquier p\u00e1gina web. La utilidad de la cookie es que la web sea capaz de recordar su visita cuando vuelva a navegar por esa p\u00e1gina. Aunque mucha gente no lo sabe las cookies se llevan utilizando desde hace 20 a\u00f1os, cuando aparecieron los primeros navegadores para la World Wide Web.<\/p>\n<h2>\u00bfQu\u00e9 NO ES una cookie?<\/h2>\n<p>No es un virus, ni un troyano, ni un gusano, ni spam, ni spyware, ni abre ventanas pop-up.<\/p>\n<h2>\u00bfQu\u00e9 informaci\u00f3n almacena una cookie?<\/h2>\n<p>Las cookies no suelen almacenar informaci\u00f3n sensible sobre usted, como tarjetas de cr\u00e9dito o datos bancarios, fotograf\u00edas, su DNI o informaci\u00f3n personal, etc. Los datos que guardan son de car\u00e1cter t\u00e9cnico, preferencias personales, personalizaci\u00f3n de contenidos, etc.<\/p>\n<p>El servidor web no le asocia a usted como persona si no a su navegador web. De hecho, si usted navega habitualmente con Internet Explorer y prueba a navegar por la misma web con Firefox o Chrome ver\u00e1 que la web no se da cuenta que es usted la misma persona porque en realidad est\u00e1 asociando al navegador, no a la persona.<\/p>\n<h2>\u00bfQu\u00e9 tipo de cookies existen?<\/h2>\n<ul>\n<li><b>Cookies<\/b> t\u00e9cnicas: Son las m\u00e1s elementales y permiten, entre otras cosas, saber cu\u00e1ndo est\u00e1 navegando un humano o una aplicaci\u00f3n automatizada, cu\u00e1ndo navega un usuario an\u00f3nimo y uno registrado, tareas b\u00e1sicas para el funcionamiento de cualquier web din\u00e1mica.<\/li>\n<li><b>Cookies<\/b> de an\u00e1lisis: Recogen informaci\u00f3n sobre el tipo de navegaci\u00f3n que est\u00e1 realizando, las secciones que m\u00e1s utiliza, productos consultados, franja horaria de uso, idioma, etc.<\/li>\n<li><b>Cookies<\/b> publicitarias: Muestran publicidad en funci\u00f3n de su navegaci\u00f3n, su pa\u00eds de procedencia, idioma, etc.<\/li>\n<\/ul>\n<h2>\u00bfQu\u00e9 son las cookies propias y las de terceros?<\/h2>\n<p>Las cookies propias son las generadas por la p\u00e1gina que est\u00e1 visitando y las cookies de terceros son las generadas por servicios o proveedores externos como Facebook, Twitter, Google, etc.<\/p>\n<h2>\u00bfQu\u00e9 ocurre si desactivo las cookies?<\/h2>\n<p>Para que entienda el alcance que puede tener desactivar las cookies le mostramos unos ejemplos:<\/p>\n<ul>\n<li>No podr\u00e1 compartir contenidos de esa web en Facebook, Twitter o cualquier otra red social.<\/li>\n<li>El sitio web no podr\u00e1 adaptar los contenidos a sus preferencias personales, como suele ocurrir en las tiendas online.<\/li>\n<li>No podr\u00e1 acceder al \u00e1rea personal de esa web, como por ejemplo <b>Mi cuenta<\/b>, o <b>Mi perfil<\/b> o <b>Mis pedidos<\/b>.<\/li>\n<li>Tiendas online: Le ser\u00e1 imposible realizar compras online, tendr\u00e1n que ser telef\u00f3nicas o visitando la tienda f\u00edsica si es que dispone de ella.<\/li>\n<li>No ser\u00e1 posible personalizar sus preferencias geogr\u00e1ficas como franja horaria, divisa o idioma.<\/li>\n<li>El sitio web no podr\u00e1 realizar anal\u00edticas web sobre visitantes y tr\u00e1fico en la web, lo que dificultar\u00e1 que la web sea competitiva.<\/li>\n<li>No podr\u00e1 escribir en el blog, no podr\u00e1 subir fotos, publicar comentarios, valorar o puntuar contenidos. La web tampoco podr\u00e1 saber si usted es un humano o una aplicaci\u00f3n automatizada que publica <b>spam<\/b>.<\/li>\n<li>No se podr\u00e1 mostrar publicidad sectorizada, lo que reducir\u00e1 los ingresos publicitarios de la web.<\/li>\n<li>Todas las redes sociales usan <b>cookies<\/b>, si las desactiva no podr\u00e1 utilizar ninguna red social.<\/li>\n<\/ul>\n<h2>\u00bfSe pueden eliminar las cookies?<\/h2>\n<p>S\u00ed. No s\u00f3lo eliminar, tambi\u00e9n bloquear, de forma general o particular para un dominio espec\u00edfico.<\/p>\n<p>Para eliminar las cookies de un sitio web debe ir a la configuraci\u00f3n de su navegador y all\u00ed podr\u00e1 buscar las asociadas al dominio en cuesti\u00f3n y proceder a su eliminaci\u00f3n.<\/p>\n<h2 id=\"navegadores\">Configuraci\u00f3n de <b>cookies<\/b> para los navegadores m\u00e1s polulares<\/h2>\n<p>A continuaci\u00f3n le indicamos c\u00f3mo acceder a una cookie determinada del navegador <b>Chrome<\/b>. Nota: estos pasos pueden variar en funci\u00f3n de la versi\u00f3n del navegador:<\/p>\n<ol>\n<li>Vaya a Configuraci\u00f3n o Preferencias mediante el men\u00fa Archivo o bien pinchando el icono de personalizaci\u00f3n que aparece arriba a la derecha.<\/li>\n<li>Ver\u00e1 diferentes secciones, pinche la opci\u00f3n <b>Mostrar opciones avanzadas<\/b>.<\/li>\n<li>Vaya a <b>Privacidad<\/b>, <b>Configuraci\u00f3n de contenido<\/b>.<\/li>\n<li>Seleccione <b>Todas las <b>cookies<\/b> y los datos de sitios<\/b>.<\/li>\n<li>Aparecer\u00e1 un listado con todas las <b>cookies<\/b> ordenadas por dominio. Para que le sea m\u00e1s f\u00e1cil encontrar las <b>cookies<\/b> de un determinado dominio introduzca parcial o totalmente la direcci\u00f3n en el campo <b>Buscar cookies<\/b>.<\/li>\n<li>Tras realizar este filtro aparecer\u00e1n en pantalla una o varias l\u00edneas con las <b>cookies<\/b> de la web solicitada. Ahora s\u00f3lo tiene que seleccionarla y pulsar la <b>X<\/b> para proceder a su eliminaci\u00f3n.<\/li>\n<\/ol>\n<p>Para acceder a la configuraci\u00f3n de <b>cookies<\/b> del navegador <b>Internet Explorer<\/b> siga estos pasos (pueden variar en funci\u00f3n de la versi\u00f3n del navegador):<\/p>\n<ol>\n<li>Vaya a <b>Herramientas<\/b>, <b>Opciones de Internet<\/b><\/li>\n<li>Haga click en <b>Privacidad<\/b>.<\/li>\n<li>Mueva el deslizador hasta ajustar el nivel de privacidad que desee.<\/li>\n<\/ol>\n<p>Para acceder a la configuraci\u00f3n de <b>cookies<\/b> del navegador <b>Firefox<\/b> siga estos pasos (pueden variar en funci\u00f3n de la versi\u00f3n del navegador):<\/p>\n<ol>\n<li>Vaya a <b>Opciones<\/b> o <b>Preferencias<\/b> seg\u00fan su sistema operativo.<\/li>\n<li>Haga click en <b>Privacidad<\/b>.<\/li>\n<li>En <b>Historial<\/b> elija <b>Usar una configuraci\u00f3n personalizada para el historial<\/b>.<\/li>\n<li>Ahora ver\u00e1 la opci\u00f3n <b>Aceptar cookies<\/b>, puede activarla o desactivarla seg\u00fan sus preferencias.<\/li>\n<\/ol>\n<p>Para acceder a la configuraci\u00f3n de <b>cookies<\/b> del navegador <b>Safari para OSX<\/b> siga estos pasos (pueden variar en funci\u00f3n de la versi\u00f3n del navegador):<\/p>\n<ol>\n<li>Vaya a <b>Preferencias<\/b>, luego <b>Privacidad<\/b>.<\/li>\n<li>En este lugar ver\u00e1 la opci\u00f3n <b>Bloquear cookies<\/b> para que ajuste el tipo de bloqueo que desea realizar.<\/li>\n<\/ol>\n<p>Para acceder a la configuraci\u00f3n de <b>cookies<\/b> del navegador <b>Safari para iOS<\/b> siga estos pasos (pueden variar en funci\u00f3n de la versi\u00f3n del navegador):<\/p>\n<ol>\n<li>Vaya a <b>Ajustes<\/b>, luego <b>Safari<\/b>.<\/li>\n<li>Vaya a <b>Privacidad y Seguridad<\/b>, ver\u00e1 la opci\u00f3n <b>Bloquear cookies<\/b> para que ajuste el tipo de bloqueo que desea realizar.<\/li>\n<\/ol>\n<p>Para acceder a la configuraci\u00f3n de <b>cookies<\/b> del navegador para dispositivos <b>Android<\/b> siga estos pasos (pueden variar en funci\u00f3n de la versi\u00f3n del navegador):<\/p>\n<ol>\n<li>Ejecute el navegador y pulse la tecla <b>Men\u00fa<\/b>, luego <b>Ajustes<\/b>.<\/li>\n<li>Vaya a <b>Seguridad y Privacidad<\/b>, ver\u00e1 la opci\u00f3n <b>Aceptar cookies<\/b> para que active o desactive la casilla.<\/li>\n<\/ol>\n<p>Para acceder a la configuraci\u00f3n de <b>cookies<\/b> del navegador para dispositivos <b>Windows Phone<\/b> siga estos pasos (pueden variar en funci\u00f3n de la versi\u00f3n del navegador):<\/p>\n<ol>\n<li>Abra <b>Internet Explorer<\/b>, luego <b>M\u00e1s<\/b>, luego <b>Configuraci\u00f3n<\/b><\/li>\n<li>Ahora puede activar o desactivar la casilla <b>Permitir cookies<\/b>.<\/li>\n<\/ol>\n<p>Asesor de Cookies es un <a href=\"http:\/\/wordpress.org\/plugins\/asesor-cookies-para-la-ley-en-espana\/\" target=\"_blank\" rel=\"noopener\">plugin para WordPress<\/a> creado por Carlos Doral (<a href=\"http:\/\/webartesanal.com\" target=\"_blank\" rel=\"noopener\">webartesanal.com<\/a>)<\/p>\n","protected":false},"excerpt":{"rendered":"<p>\u00bfQu\u00e9 es una cookie? Una cookie es un fichero de <a href=\"https:\/\/cklcomunicaciones.es\/coop\/mas-informacion-sobre-las-cookies\/\">[&#8230;]<\/a><\/p>\n","protected":false},"author":3,"featured_media":0,"parent":0,"menu_order":0,"comment_status":"closed","ping_status":"closed","template":"","meta":{"footnotes":""},"class_list":["post-9565","page","type-page","status-publish","hentry"],"yoast_head":"<!-- This site is optimized with the Yoast SEO plugin v27.4 - https:\/\/yoast.com\/product\/yoast-seo-wordpress\/ -->\n<title>M\u00e1s informaci\u00f3n sobre las cookies - CKL Comunicaciones Coop<\/title>\n<meta name=\"description\" content=\"Una cookie es un fichero de texto inofensivo que se almacena en su navegador cuando visita p\u00e1ginas web. Sirve para que la web recuerde su visita\" \/>\n<meta name=\"robots\" content=\"index, follow, max-snippet:-1, max-image-preview:large, max-video-preview:-1\" \/>\n<link rel=\"canonical\" href=\"https:\/\/cklcomunicaciones.es\/coop\/mas-informacion-sobre-las-cookies\/\" \/>\n<meta property=\"og:locale\" content=\"es_ES\" \/>\n<meta property=\"og:type\" content=\"article\" \/>\n<meta property=\"og:title\" content=\"M\u00e1s informaci\u00f3n sobre las cookies - CKL Comunicaciones Coop\" \/>\n<meta property=\"og:description\" content=\"Una cookie es un fichero de texto inofensivo que se almacena en su navegador cuando visita p\u00e1ginas web. Sirve para que la web recuerde su visita\" \/>\n<meta property=\"og:url\" content=\"https:\/\/cklcomunicaciones.es\/coop\/mas-informacion-sobre-las-cookies\/\" \/>\n<meta property=\"og:site_name\" content=\"CKL Comunicaciones\" \/>\n<meta property=\"article:modified_time\" content=\"2017-11-30T12:35:44+00:00\" \/>\n<meta property=\"og:image\" content=\"https:\/\/cklcomunicaciones.es\/coop\/wp-content\/uploads\/2021\/04\/CKL-MiradaDistinta-newsletter2021_1200-x-675.jpg\" \/>\n\t<meta property=\"og:image:width\" content=\"1200\" \/>\n\t<meta property=\"og:image:height\" content=\"676\" \/>\n\t<meta property=\"og:image:type\" content=\"image\/jpeg\" \/>\n<meta name=\"twitter:card\" content=\"summary_large_image\" \/>\n<meta name=\"twitter:label1\" content=\"Tiempo de lectura\" \/>\n\t<meta name=\"twitter:data1\" content=\"6 minutos\" \/>\n<script type=\"application\/ld+json\" class=\"yoast-schema-graph\">{\"@context\":\"https:\\\/\\\/schema.org\",\"@graph\":[{\"@type\":\"WebPage\",\"@id\":\"https:\\\/\\\/cklcomunicaciones.es\\\/coop\\\/mas-informacion-sobre-las-cookies\\\/\",\"url\":\"https:\\\/\\\/cklcomunicaciones.es\\\/coop\\\/mas-informacion-sobre-las-cookies\\\/\",\"name\":\"M\u00e1s informaci\u00f3n sobre las cookies - CKL Comunicaciones Coop\",\"isPartOf\":{\"@id\":\"https:\\\/\\\/cklcomunicaciones.es\\\/coop\\\/#website\"},\"datePublished\":\"2017-07-01T18:17:30+00:00\",\"dateModified\":\"2017-11-30T12:35:44+00:00\",\"description\":\"Una cookie es un fichero de texto inofensivo que se almacena en su navegador cuando visita p\u00e1ginas web. Sirve para que la web recuerde su visita\",\"breadcrumb\":{\"@id\":\"https:\\\/\\\/cklcomunicaciones.es\\\/coop\\\/mas-informacion-sobre-las-cookies\\\/#breadcrumb\"},\"inLanguage\":\"es\",\"potentialAction\":[{\"@type\":\"ReadAction\",\"target\":[\"https:\\\/\\\/cklcomunicaciones.es\\\/coop\\\/mas-informacion-sobre-las-cookies\\\/\"]}]},{\"@type\":\"BreadcrumbList\",\"@id\":\"https:\\\/\\\/cklcomunicaciones.es\\\/coop\\\/mas-informacion-sobre-las-cookies\\\/#breadcrumb\",\"itemListElement\":[{\"@type\":\"ListItem\",\"position\":1,\"name\":\"Portada\",\"item\":\"https:\\\/\\\/cklcomunicaciones.es\\\/coop\\\/\"},{\"@type\":\"ListItem\",\"position\":2,\"name\":\"M\u00e1s informaci\u00f3n sobre las cookies\"}]},{\"@type\":\"WebSite\",\"@id\":\"https:\\\/\\\/cklcomunicaciones.es\\\/coop\\\/#website\",\"url\":\"https:\\\/\\\/cklcomunicaciones.es\\\/coop\\\/\",\"name\":\"CKL Comunicaciones\",\"description\":\"Sitio web de CKL Comunicaciones coop , la consultora de comunicaci\u00f3n y estrategia\",\"potentialAction\":[{\"@type\":\"SearchAction\",\"target\":{\"@type\":\"EntryPoint\",\"urlTemplate\":\"https:\\\/\\\/cklcomunicaciones.es\\\/coop\\\/?s={search_term_string}\"},\"query-input\":{\"@type\":\"PropertyValueSpecification\",\"valueRequired\":true,\"valueName\":\"search_term_string\"}}],\"inLanguage\":\"es\"}]}<\/script>\n<!-- \/ Yoast SEO plugin. -->","yoast_head_json":{"title":"M\u00e1s informaci\u00f3n sobre las cookies - CKL Comunicaciones Coop","description":"Una cookie es un fichero de texto inofensivo que se almacena en su navegador cuando visita p\u00e1ginas web. Sirve para que la web recuerde su visita","robots":{"index":"index","follow":"follow","max-snippet":"max-snippet:-1","max-image-preview":"max-image-preview:large","max-video-preview":"max-video-preview:-1"},"canonical":"https:\/\/cklcomunicaciones.es\/coop\/mas-informacion-sobre-las-cookies\/","og_locale":"es_ES","og_type":"article","og_title":"M\u00e1s informaci\u00f3n sobre las cookies - CKL Comunicaciones Coop","og_description":"Una cookie es un fichero de texto inofensivo que se almacena en su navegador cuando visita p\u00e1ginas web. Sirve para que la web recuerde su visita","og_url":"https:\/\/cklcomunicaciones.es\/coop\/mas-informacion-sobre-las-cookies\/","og_site_name":"CKL Comunicaciones","article_modified_time":"2017-11-30T12:35:44+00:00","og_image":[{"width":1200,"height":676,"url":"https:\/\/cklcomunicaciones.es\/coop\/wp-content\/uploads\/2021\/04\/CKL-MiradaDistinta-newsletter2021_1200-x-675.jpg","type":"image\/jpeg"}],"twitter_card":"summary_large_image","twitter_misc":{"Tiempo de lectura":"6 minutos"},"schema":{"@context":"https:\/\/schema.org","@graph":[{"@type":"WebPage","@id":"https:\/\/cklcomunicaciones.es\/coop\/mas-informacion-sobre-las-cookies\/","url":"https:\/\/cklcomunicaciones.es\/coop\/mas-informacion-sobre-las-cookies\/","name":"M\u00e1s informaci\u00f3n sobre las cookies - CKL Comunicaciones Coop","isPartOf":{"@id":"https:\/\/cklcomunicaciones.es\/coop\/#website"},"datePublished":"2017-07-01T18:17:30+00:00","dateModified":"2017-11-30T12:35:44+00:00","description":"Una cookie es un fichero de texto inofensivo que se almacena en su navegador cuando visita p\u00e1ginas web. Sirve para que la web recuerde su visita","breadcrumb":{"@id":"https:\/\/cklcomunicaciones.es\/coop\/mas-informacion-sobre-las-cookies\/#breadcrumb"},"inLanguage":"es","potentialAction":[{"@type":"ReadAction","target":["https:\/\/cklcomunicaciones.es\/coop\/mas-informacion-sobre-las-cookies\/"]}]},{"@type":"BreadcrumbList","@id":"https:\/\/cklcomunicaciones.es\/coop\/mas-informacion-sobre-las-cookies\/#breadcrumb","itemListElement":[{"@type":"ListItem","position":1,"name":"Portada","item":"https:\/\/cklcomunicaciones.es\/coop\/"},{"@type":"ListItem","position":2,"name":"M\u00e1s informaci\u00f3n sobre las cookies"}]},{"@type":"WebSite","@id":"https:\/\/cklcomunicaciones.es\/coop\/#website","url":"https:\/\/cklcomunicaciones.es\/coop\/","name":"CKL Comunicaciones","description":"Sitio web de CKL Comunicaciones coop , la consultora de comunicaci\u00f3n y estrategia","potentialAction":[{"@type":"SearchAction","target":{"@type":"EntryPoint","urlTemplate":"https:\/\/cklcomunicaciones.es\/coop\/?s={search_term_string}"},"query-input":{"@type":"PropertyValueSpecification","valueRequired":true,"valueName":"search_term_string"}}],"inLanguage":"es"}]}},"_links":{"self":[{"href":"https:\/\/cklcomunicaciones.es\/coop\/wp-json\/wp\/v2\/pages\/9565","targetHints":{"allow":["GET"]}}],"collection":[{"href":"https:\/\/cklcomunicaciones.es\/coop\/wp-json\/wp\/v2\/pages"}],"about":[{"href":"https:\/\/cklcomunicaciones.es\/coop\/wp-json\/wp\/v2\/types\/page"}],"author":[{"embeddable":true,"href":"https:\/\/cklcomunicaciones.es\/coop\/wp-json\/wp\/v2\/users\/3"}],"replies":[{"embeddable":true,"href":"https:\/\/cklcomunicaciones.es\/coop\/wp-json\/wp\/v2\/comments?post=9565"}],"version-history":[{"count":0,"href":"https:\/\/cklcomunicaciones.es\/coop\/wp-json\/wp\/v2\/pages\/9565\/revisions"}],"wp:attachment":[{"href":"https:\/\/cklcomunicaciones.es\/coop\/wp-json\/wp\/v2\/media?parent=9565"}],"curies":[{"name":"wp","href":"https:\/\/api.w.org\/{rel}","templated":true}]}}