{"id":7247,"date":"2017-03-22T11:43:10","date_gmt":"2017-03-22T11:43:10","guid":{"rendered":"http:\/\/www.cklcomunicaciones.es\/?page_id=7247"},"modified":"2025-02-20T13:07:38","modified_gmt":"2025-02-20T12:07:38","slug":"aviso-legal","status":"publish","type":"page","link":"https:\/\/cklcomunicaciones.es\/coop\/aviso-legal\/","title":{"rendered":"Aviso legal"},"content":{"rendered":"<div class=\"fusion-fullwidth fullwidth-box fusion-builder-row-1 fusion-flex-container has-pattern-background has-mask-background nonhundred-percent-fullwidth non-hundred-percent-height-scrolling\" style=\"--awb-border-radius-top-left:0px;--awb-border-radius-top-right:0px;--awb-border-radius-bottom-right:0px;--awb-border-radius-bottom-left:0px;--awb-margin-top:20px;--awb-flex-wrap:wrap;\" ><div class=\"fusion-builder-row fusion-row fusion-flex-align-items-flex-start fusion-flex-content-wrap\" style=\"max-width:1248px;margin-left: calc(-4% \/ 2 );margin-right: calc(-4% \/ 2 );\"><div class=\"fusion-layout-column fusion_builder_column fusion-builder-column-0 fusion_builder_column_1_1 1_1 fusion-flex-column\" style=\"--awb-bg-blend:overlay;--awb-bg-size:cover;--awb-width-large:100%;--awb-margin-top-large:0px;--awb-spacing-right-large:1.92%;--awb-margin-bottom-large:0px;--awb-spacing-left-large:1.92%;--awb-width-medium:100%;--awb-spacing-right-medium:1.92%;--awb-spacing-left-medium:1.92%;--awb-width-small:100%;--awb-spacing-right-small:1.92%;--awb-spacing-left-small:1.92%;\"><div class=\"fusion-column-wrapper fusion-flex-justify-content-flex-start fusion-content-layout-column\"><div class=\"fusion-text fusion-text-1\"><div id=\"pl-7247\" class=\"panel-layout\">\n<p><strong>DATOS IDENTIFICATIVOS<\/strong><\/p>\n<div id=\"pg-7247-0\" class=\"panel-grid panel-no-style\" data-style=\"{\">\n<div id=\"pgc-7247-0-0\" class=\"panel-grid-cell panel-grid-cell-empty\" data-weight=\"0.1\">\n<p>En cumplimiento del deber de informaci\u00f3n regulado en el art. 10 LSSICE, a continuaci\u00f3n, se facilitan los datos necesarios de la titular de la p\u00e1gina web:<\/p>\n<p>La empresa que gestiona los servicios y el dominio web es CKL Comunicaciones, S. Coop. And., con NIF n.\u00ba F-91.477.273, con domicilio social a estos efectos en C. P\u00e9rez Gald\u00f3s 22 Primero, CP 41004, Sevilla, tel\u00e9fono 954217865, direcci\u00f3n de correo electr\u00f3nico de contacto info@cklcomunicaciones.es, inscrita en el Registro Andaluz de Cooperativas.<\/p>\n<p><strong>PERSONAS USUARIAS<\/strong><\/p>\n<p>Toda persona, ya sea f\u00edsica o jur\u00eddica, que acceda, navegue, utilice o participe en los servicios y actividades, gratuitas u onerosas, desarrolladas mediante esta p\u00e1gina web asume la condici\u00f3n de PERSONA USUARIA, y como tal, a trav\u00e9s de dicho acceso, se compromete a la observancia y riguroso cumplimiento de las disposiciones aqu\u00ed presentes, as\u00ed como a cualquier otra disposici\u00f3n legal que resulte de aplicaci\u00f3n, oblig\u00e1ndose as\u00ed a hacer un uso correcto del sitio web. La persona usuaria responder\u00e1 frente a CKL Comunicaciones, S. Coop. And. o frente a terceros, de cualesquiera da\u00f1os y perjuicios que pudieran causarse como consecuencia del incumplimiento de dicha obligaci\u00f3n.<\/p>\n<p><strong>MODIFICACIONES<\/strong><\/p>\n<p>CKL Comunicaciones, S. Coop. And. se reserva el derecho de realizar unilateralmente las modificaciones que estime pertinentes en su portal, pudiendo cambiar, suprimir o a\u00f1adir tanto los contenidos como los servicios que se presten a trav\u00e9s del mismo, sin que exista obligaci\u00f3n de preavisar o poner en conocimiento de las personas usuarias dichas modificaciones, entendi\u00e9ndose como suficiente con la publicaci\u00f3n en el sitio web de la prestadora.<\/p>\n<p>La duraci\u00f3n de la prestaci\u00f3n del servicio del portal se limita al momento en que la persona usuaria est\u00e9 conectada al sitio web o a alguno de los servicios que \u00e9ste proporciona. Por ello, la persona usuaria, en cada ocasi\u00f3n que pretenda utilizar el portal, debe leer detenidamente este Aviso Legal, ya que el mismo y sus respectivas condiciones de uso pueden verse alteradas en cualquier momento. Por tanto, la vigencia de las citadas condiciones variar\u00e1 en funci\u00f3n de su exposici\u00f3n y se mantendr\u00e1 mientras est\u00e9n debidamente publicadas, hasta que se vean sustituidas por otras.<\/p>\n<p><strong>CONDICIONES DE USO DEL SITIO WEB<\/strong><\/p>\n<p>Las presentes condiciones de uso y navegaci\u00f3n tienen como finalidad regular la relaci\u00f3n entre la titular de la p\u00e1gina web,\u00a0CKL Comunicaciones, S. Coop. And., como prestadora del servicio, y las personas usuarias que acceden, navegan y disfrutan del servicio ofrecido.<\/p>\n<p><a href=\"http:\/\/www.cklcomunicaciones.es\">cklcomunicaciones.es<\/a> proporciona el acceso libre y gratuito a gran cantidad de informaci\u00f3n, servicios y datos (en adelante, \u201clos contenidos\u201d), cuya propiedad pertenece a CKL Comunicaciones, S. Coop. And. o a sus licenciantes a los que la persona usuaria puede tener acceso.<\/p>\n<p>La persona usuaria asume la responsabilidad del uso adecuado del portal de conformidad con la Ley y las presentes condiciones, responsabilidad que se extiende al registro necesario para acceder a determinados servicios y contenidos que se prestan. Dicho registro conlleva la cumplimentaci\u00f3n del correspondiente formulario, en el cual la persona usuaria garantiza la autenticidad y actualidad de todos aquellos datos que comunique y se compromete a no proporcionar informaci\u00f3n o documentaci\u00f3n falsa, fraudulenta o il\u00edcita. A ra\u00edz del mismo puede surgir la creaci\u00f3n de una contrase\u00f1a que la persona usuaria deber\u00e1 conservar diligentemente y de manera confidencial. La persona usuaria ser\u00e1 la \u00fanica responsable de las manifestaciones falsas o inexactas que realice y de los perjuicios que cause a CKL Comunicaciones, S. Coop. And. o a terceros por la informaci\u00f3n que facilite.<\/p>\n<p>La persona usuaria se compromete expresamente a hacer un adecuado uso de los contenidos y servicios [por ejemplo, servicios de chat, foros de discusi\u00f3n, grupos de noticias\u2026] que <a href=\"http:\/\/www.cklcomunicaciones.es\">cklcomunicaciones.es<\/a> ofrece, conforme a lo establecido en la ley, la moral, el orden p\u00fablico y las presentes condiciones y, con car\u00e1cter enunciativo pero no limitativo, a no emplearlos para:<\/p>\n<ul>\n<li>Difundir contenidos delictivos, violentos, pornogr\u00e1ficos, racistas, xen\u00f3fobos, machistas, ofensivos, de apolog\u00eda al terrorismo, que atenten contra los derechos humanos o, en general, contrarios a la ley o al orden p\u00fablico.<\/li>\n<li>Introducir intencionadamente en la red virus inform\u00e1ticos o realizar actuaciones susceptibles de alterar, estropear, interrumpir o generar errores o da\u00f1os en los sistemas f\u00edsicos y l\u00f3gicos de CKL Comunicaciones, S. Coop. And., creadora del sitio web, o de terceras personas; as\u00ed como obstaculizar el acceso de otras personas usuarias al sitio web y a sus servicios mediante el consumo masivo de los recursos inform\u00e1ticos a trav\u00e9s de los cuales CKL Comunicaciones, S. Coop. And. presta sus servicios.<\/li>\n<li>Intentar acceder a las cuentas de correo electr\u00f3nico de otras personas usuarias o a \u00e1reas restringidas de los sistemas inform\u00e1ticos de CKL Comunicaciones, S. Coop. And. o de terceros y, en su caso, extraer informaci\u00f3n.<\/li>\n<li>Vulnerar los derechos de propiedad intelectual o industrial, as\u00ed como difundir, transmitir o poner a disposici\u00f3n de terceros cualquier tipo de informaci\u00f3n, elemento o contenido que suponga una violaci\u00f3n del secreto de las comunicaciones y la legislaci\u00f3n sobre protecci\u00f3n de datos de car\u00e1cter personal.<\/li>\n<li>Suplantar la identidad de otra persona usuaria, de las administraciones p\u00fablicas o de un tercero, utilizando sus claves de registro a los distintos servicios y\/o contenidos del sitio web.<\/li>\n<li>Reproducir, copiar, distribuir, poner a disposici\u00f3n o de cualquier otra forma comunicar p\u00fablicamente, transformar o modificar los contenidos, a menos que se cuente con la autorizaci\u00f3n de la titular de los correspondientes derechos de explotaci\u00f3n o ello resulte legalmente permitido.<\/li>\n<li>Recabar datos con finalidad publicitaria y remitir publicidad de cualquier clase y comunicaciones con fines de venta u otra de naturaleza comercial sin que medie previa solicitud o consentimiento.<\/li>\n<\/ul>\n<p>Cualquier incumplimiento de las cl\u00e1usulas contenidas en el presente sitio web (Aviso Legal, Pol\u00edtica de Privacidad, Pol\u00edtica de Cookies, as\u00ed como otros contenidos que supongan obligaciones para la persona usuaria) y en general de la legalidad vigente en Espa\u00f1a, se comunicar\u00e1 inmediatamente por parte de CKL Comunicaciones, S. Coop. And. a las autoridades pertinentes, comprometi\u00e9ndose \u00e9sta a cooperar con las mismas. En tal caso, la persona usuaria responder\u00e1 frente a CKL Comunicaciones, S. Coop. And. o frente a terceros, de cualesquiera da\u00f1os y perjuicios que pudieran causarse como consecuencia del incumplimiento de estas obligaciones.<\/p>\n<p>CKL Comunicaciones, S. Coop. And. no garantiza que su p\u00e1gina web cumpla, total o parcialmente, con las legislaciones de otros pa\u00edses. Por tanto, si la persona usuaria reside o se encuentra domiciliado en cualquier otro lugar que no sea Espa\u00f1a, y decide acceder y\/o navegar en el presente sitio web, lo har\u00e1 bajo su propia responsabilidad y riesgo, debiendo asegurarse de que tal acceso y\/o navegaci\u00f3n cumple con la legislaci\u00f3n local aplicable en su caso.<\/p>\n<p>CKL Comunicaciones, S. Coop. And. no se hace responsable de ning\u00fan da\u00f1o o p\u00e9rdida que se derive de un ataque de denegaci\u00f3n de servicio, virus o cualquier otro programa o material tecnol\u00f3gicamente perjudicial que pueda afectar a su ordenador, equipo inform\u00e1tico, datos o materiales como consecuencia del uso de esta p\u00e1gina web o de la descarga de contenidos de la misma o a los que la misma redireccione.<\/p>\n<p><strong>NOTIFICACIONES<\/strong><\/p>\n<p>Todas las notificaciones y comunicaciones entre las personas usuarias y CKL Comunicaciones, S. Coop. And. se considerar\u00e1n eficaces, a todos los efectos, cuando se realicen a trav\u00e9s de correo postal o correo electr\u00f3nico. Las personas usuarias deber\u00e1n dirigirse a CKL Comunicaciones, S. Coop. And. mediante:<\/p>\n<ol>\n<li>Env\u00edo por correo postal a la siguiente direcci\u00f3n: Calle P\u00e9rez Gald\u00f3s 22 Primero, 41004, Sevilla.<\/li>\n<li>Env\u00edo por correo electr\u00f3nico a la siguiente direcci\u00f3n: info@cklcomunicaciones.es.<\/li>\n<\/ol>\n<p>Mediante el uso de esta p\u00e1gina web, la persona usuaria acepta impl\u00edcitamente que la mayor parte de las comunicaciones se realizar\u00e1n por v\u00eda electr\u00f3nica. A efectos contractuales, la persona usuaria consiente usar este medio electr\u00f3nico de comunicaci\u00f3n y reconoce que toda comunicaci\u00f3n que se le env\u00ede de forma electr\u00f3nica cumple con los requisitos legales.<\/p>\n<p><strong>PROTECCI\u00d3N DE DATOS DE CAR\u00c1CTER PERSONAL<\/strong><\/p>\n<p>La titular de la p\u00e1gina web se compromete a tratar los datos personales de la persona usuaria de conformidad con lo establecido en la legislaci\u00f3n vigente en la materia. Concretamente, se compromete a aplicar lo dispuesto en la\u00a0LO 3\/2018, de 5 de diciembre, de Protecci\u00f3n de Datos de Car\u00e1cter Personal y garant\u00eda de los derechos digitales, y en el\u00a0Reglamento (UE) 2016\/679 del Parlamento Europeo y del Consejo de 27 de abril de 2016.<\/p>\n<p>Para m\u00e1s informaci\u00f3n sobre el tratamiento de sus datos personales en el portal, dir\u00edjase a la Pol\u00edtica de Privacidad.<\/p>\n<p><strong>PROPIEDAD INTELECTUAL E INDUSTRIAL<\/strong><\/p>\n<p>Todos los contenidos del sitio web, entre otros, textos, fotograf\u00edas, gr\u00e1ficos, im\u00e1genes, iconos, tecnolog\u00eda, software, links y dem\u00e1s contenidos audiovisuales, as\u00ed como su dise\u00f1o gr\u00e1fico y c\u00f3digos fuente, constituyen una obra cuya propiedad pertenece a\u00a0CKL Comunicaciones, S. Coop. And., sin que puedan entenderse cedidos a la persona usuaria ninguno de los derechos de explotaci\u00f3n sobre los mismos m\u00e1s all\u00e1 de lo estrictamente necesario para el correcto uso de la web, y con independencia de que sean susceptibles o no de propiedad intelectual.<\/p>\n<p>Asimismo, todas las marcas, nombres comerciales o signos distintivos de cualquier clase que aparecen en el sitio web que son propiedad de CKL Comunicaciones, S. Coop. And., se entiende que el uso o acceso al mismo no atribuye a la persona usuaria derecho alguno sobre los mismos.<\/p>\n<p>Adem\u00e1s, en esta p\u00e1gina web pueden ser mencionados otros productos y nombres de entidades o empresas cuyos dominios, marcas comerciales o marcas comerciales registradas pertenecen a sus respectivas propietarias.<\/p>\n<p>Queda prohibida la reproducci\u00f3n total o parcial, explotaci\u00f3n, distribuci\u00f3n, modificaci\u00f3n, cesi\u00f3n o comunicaci\u00f3n p\u00fablica de los contenidos y cualquier otro acto que no haya sido expresamente autorizado por la titular de los derechos de explotaci\u00f3n. Cualquier uso no autorizado previamente se considera un incumplimiento grave de los derechos de propiedad intelectual o industrial del autor.<\/p>\n<p>Para realizar cualquier tipo de observaci\u00f3n respecto a posibles incumplimientos de los derechos de propiedad intelectual o industrial, la persona usuaria deber\u00e1 notificar dicha circunstancia a\u00a0CKL Comunicaciones, S. Coop. And., adjuntando la informaci\u00f3n pertinente.<\/p>\n<p>En cualquier caso,\u00a0CKL Comunicaciones, S. Coop. And. no asume responsabilidad alguna respecto de los derechos de propiedad intelectual o industrial titularidad de terceros que se vean infringidos por un tercero o por la persona usuaria.<\/p>\n<p><strong>ENLACES<\/strong><\/p>\n<p>El sitio web de\u00a0CKL Comunicaciones, S. Coop. And. puede contener enlaces o hiperv\u00ednculos a otros sitios de Internet, respecto a los cuales no ejerce ning\u00fan tipo de control. Por tanto, una vez que la persona usuaria acceda a los enlaces de terceros y abandone el sitio web, tanto el presente Aviso Legal, como la Pol\u00edtica de Privacidad y la Pol\u00edtica de Cookies dejar\u00e1n de surtir efecto, ya que los sitios web a los que la persona usuaria acceda est\u00e1n sujetos a sus propias pol\u00edticas.<\/p>\n<p>CKL Comunicaciones, S. Coop. And. no puede asumir responsabilidad alguna por el contenido que pueda aparecer en p\u00e1ginas de terceros, ni garantiza la disponibilidad t\u00e9cnica, calidad, fiabilidad, exactitud, amplitud, veracidad, validez y constitucionalidad de cualquier material o informaci\u00f3n contenida en ninguno de dichos enlaces o hiperv\u00ednculos. Asimismo, la inclusi\u00f3n de estas conexiones externas a sitios web ajenos no implica ning\u00fan tipo de asociaci\u00f3n, fusi\u00f3n o participaci\u00f3n con las entidades conectadas.\u00a0En relaci\u00f3n dichos enlaces, pueden aparecer fragmentos de texto o im\u00e1genes con el \u00fanico objetivo de ampliar y mejorar la difusi\u00f3n del contenido en la fuente original, siendo un uso justo, no comercial y sin \u00e1nimo de lucro, dentro de la Responsabilidad Social Empresarial de CKL Comunicaciones S. Coop. And.<\/p>\n<p><strong>EXCLUSI\u00d3N DE GARANT\u00cdAS Y RESPONSABILIDAD<\/strong><\/p>\n<p>La informaci\u00f3n suministrada por el presente sitio web es de car\u00e1cter general y tiene una finalidad meramente informativa, sin que se garantice plenamente el acceso a todos los contenidos, ni su exactitud, exhaustividad, correcci\u00f3n, vigencia o actualidad, ni su idoneidad o utilidad para un objetivo espec\u00edfico.<\/p>\n<p>CKL Comunicaciones, S. Coop. And. no se hace responsable, en ning\u00fan caso, de los da\u00f1os y perjuicios de cualquier naturaleza derivados de, a t\u00edtulo enunciativo:<\/p>\n<ul>\n<li>Errores u omisiones en los contenidos.\u00a0CKL Comunicaciones, S. Coop. And. no garantiza que los contenidos vayan a estar actualizados permanentemente, ni que carezcan de cualquier tipo de error.<\/li>\n<li>Ausencia de disponibilidad del portal.\u00a0CKL Comunicaciones, S. Coop. And. no se hace responsable de los posibles da\u00f1os o perjuicios generados en la persona usuaria como consecuencia de fallos o desconexiones en las redes de telecomunicaciones que supongan la suspensi\u00f3n, cancelaci\u00f3n o interrupci\u00f3n del servicio del sitio web, ya que el funcionamiento de estas redes depende de terceros.<\/li>\n<li>Presencia de virus o programas maliciosos o lesivos en los contenidos que puedan alterar los sistemas inform\u00e1ticos, documentos electr\u00f3nicos o datos de las personas usuarias, a pesar de haber adoptado todas las medidas tecnol\u00f3gicas necesarias para prevenirlo. Corresponde a la persona usuaria, en todo caso, estar provista de herramientas adecuadas que la protejan ante programas inform\u00e1ticos da\u00f1inos.<\/li>\n<\/ul>\n<p><strong>LEY APLICABLE Y JURISDICCI\u00d3N<\/strong><\/p>\n<p>Las relaciones establecidas entre\u00a0CKL Comunicaciones, S. Coop. And., titular de la p\u00e1gina web, y la persona usuaria se regir\u00e1n por la normativa espa\u00f1ola vigente y la resoluci\u00f3n de cualquier posible controversia que pueda surgir quedar\u00e1 sometida a los juzgados y tribunales de la ciudad de Sevilla.<\/p>\n<p><strong>\u00daltima actualizaci\u00f3n:<\/strong>\u00a0Diciembre de 2024.<\/p>\n<\/div>\n<\/div>\n<\/div>\n<\/div><\/div><\/div><\/div><\/div>\n","protected":false},"excerpt":{"rendered":"","protected":false},"author":3,"featured_media":0,"parent":0,"menu_order":0,"comment_status":"closed","ping_status":"closed","template":"","meta":{"footnotes":""},"class_list":["post-7247","page","type-page","status-publish","hentry"],"yoast_head":"<!-- This site is optimized with the Yoast SEO plugin v27.3 - https:\/\/yoast.com\/product\/yoast-seo-wordpress\/ -->\n<title>Aviso Legal y Pol\u00edtica de privacidad - CKL Comunicaciones Coop<\/title>\n<meta name=\"description\" content=\"Aviso legal y pol\u00edtica de privacidad en sitio web de CKL Comunicaciones Coop en cumplimiento de la legislaci\u00f3n vigente, como es preceptivo\" \/>\n<meta name=\"robots\" content=\"index, follow, max-snippet:-1, max-image-preview:large, max-video-preview:-1\" \/>\n<link rel=\"canonical\" href=\"https:\/\/cklcomunicaciones.es\/coop\/aviso-legal\/\" \/>\n<meta property=\"og:locale\" content=\"es_ES\" \/>\n<meta property=\"og:type\" content=\"article\" \/>\n<meta property=\"og:title\" content=\"Aviso Legal y Pol\u00edtica de privacidad - CKL Comunicaciones Coop\" \/>\n<meta property=\"og:description\" content=\"Aviso legal y pol\u00edtica de privacidad en sitio web de CKL Comunicaciones Coop en cumplimiento de la legislaci\u00f3n vigente, como es preceptivo\" \/>\n<meta property=\"og:url\" content=\"https:\/\/cklcomunicaciones.es\/coop\/aviso-legal\/\" \/>\n<meta property=\"og:site_name\" content=\"CKL Comunicaciones\" \/>\n<meta property=\"article:modified_time\" content=\"2025-02-20T12:07:38+00:00\" \/>\n<meta property=\"og:image\" content=\"https:\/\/cklcomunicaciones.es\/coop\/wp-content\/uploads\/2021\/04\/CKL-MiradaDistinta-newsletter2021_1200-x-675.jpg\" \/>\n\t<meta property=\"og:image:width\" content=\"1200\" \/>\n\t<meta property=\"og:image:height\" content=\"676\" \/>\n\t<meta property=\"og:image:type\" content=\"image\/jpeg\" \/>\n<meta name=\"twitter:card\" content=\"summary_large_image\" \/>\n<meta name=\"twitter:label1\" content=\"Tiempo de lectura\" \/>\n\t<meta name=\"twitter:data1\" content=\"10 minutos\" \/>\n<script type=\"application\/ld+json\" class=\"yoast-schema-graph\">{\"@context\":\"https:\\\/\\\/schema.org\",\"@graph\":[{\"@type\":\"WebPage\",\"@id\":\"https:\\\/\\\/cklcomunicaciones.es\\\/coop\\\/aviso-legal\\\/\",\"url\":\"https:\\\/\\\/cklcomunicaciones.es\\\/coop\\\/aviso-legal\\\/\",\"name\":\"Aviso Legal y Pol\u00edtica de privacidad - CKL Comunicaciones Coop\",\"isPartOf\":{\"@id\":\"https:\\\/\\\/cklcomunicaciones.es\\\/coop\\\/#website\"},\"datePublished\":\"2017-03-22T11:43:10+00:00\",\"dateModified\":\"2025-02-20T12:07:38+00:00\",\"description\":\"Aviso legal y pol\u00edtica de privacidad en sitio web de CKL Comunicaciones Coop en cumplimiento de la legislaci\u00f3n vigente, como es preceptivo\",\"breadcrumb\":{\"@id\":\"https:\\\/\\\/cklcomunicaciones.es\\\/coop\\\/aviso-legal\\\/#breadcrumb\"},\"inLanguage\":\"es\",\"potentialAction\":[{\"@type\":\"ReadAction\",\"target\":[\"https:\\\/\\\/cklcomunicaciones.es\\\/coop\\\/aviso-legal\\\/\"]}]},{\"@type\":\"BreadcrumbList\",\"@id\":\"https:\\\/\\\/cklcomunicaciones.es\\\/coop\\\/aviso-legal\\\/#breadcrumb\",\"itemListElement\":[{\"@type\":\"ListItem\",\"position\":1,\"name\":\"Portada\",\"item\":\"https:\\\/\\\/cklcomunicaciones.es\\\/coop\\\/\"},{\"@type\":\"ListItem\",\"position\":2,\"name\":\"Aviso legal\"}]},{\"@type\":\"WebSite\",\"@id\":\"https:\\\/\\\/cklcomunicaciones.es\\\/coop\\\/#website\",\"url\":\"https:\\\/\\\/cklcomunicaciones.es\\\/coop\\\/\",\"name\":\"CKL Comunicaciones\",\"description\":\"Sitio web de CKL Comunicaciones coop , la consultora de comunicaci\u00f3n y estrategia\",\"potentialAction\":[{\"@type\":\"SearchAction\",\"target\":{\"@type\":\"EntryPoint\",\"urlTemplate\":\"https:\\\/\\\/cklcomunicaciones.es\\\/coop\\\/?s={search_term_string}\"},\"query-input\":{\"@type\":\"PropertyValueSpecification\",\"valueRequired\":true,\"valueName\":\"search_term_string\"}}],\"inLanguage\":\"es\"}]}<\/script>\n<!-- \/ Yoast SEO plugin. -->","yoast_head_json":{"title":"Aviso Legal y Pol\u00edtica de privacidad - CKL Comunicaciones Coop","description":"Aviso legal y pol\u00edtica de privacidad en sitio web de CKL Comunicaciones Coop en cumplimiento de la legislaci\u00f3n vigente, como es preceptivo","robots":{"index":"index","follow":"follow","max-snippet":"max-snippet:-1","max-image-preview":"max-image-preview:large","max-video-preview":"max-video-preview:-1"},"canonical":"https:\/\/cklcomunicaciones.es\/coop\/aviso-legal\/","og_locale":"es_ES","og_type":"article","og_title":"Aviso Legal y Pol\u00edtica de privacidad - CKL Comunicaciones Coop","og_description":"Aviso legal y pol\u00edtica de privacidad en sitio web de CKL Comunicaciones Coop en cumplimiento de la legislaci\u00f3n vigente, como es preceptivo","og_url":"https:\/\/cklcomunicaciones.es\/coop\/aviso-legal\/","og_site_name":"CKL Comunicaciones","article_modified_time":"2025-02-20T12:07:38+00:00","og_image":[{"width":1200,"height":676,"url":"https:\/\/cklcomunicaciones.es\/coop\/wp-content\/uploads\/2021\/04\/CKL-MiradaDistinta-newsletter2021_1200-x-675.jpg","type":"image\/jpeg"}],"twitter_card":"summary_large_image","twitter_misc":{"Tiempo de lectura":"10 minutos"},"schema":{"@context":"https:\/\/schema.org","@graph":[{"@type":"WebPage","@id":"https:\/\/cklcomunicaciones.es\/coop\/aviso-legal\/","url":"https:\/\/cklcomunicaciones.es\/coop\/aviso-legal\/","name":"Aviso Legal y Pol\u00edtica de privacidad - CKL Comunicaciones Coop","isPartOf":{"@id":"https:\/\/cklcomunicaciones.es\/coop\/#website"},"datePublished":"2017-03-22T11:43:10+00:00","dateModified":"2025-02-20T12:07:38+00:00","description":"Aviso legal y pol\u00edtica de privacidad en sitio web de CKL Comunicaciones Coop en cumplimiento de la legislaci\u00f3n vigente, como es preceptivo","breadcrumb":{"@id":"https:\/\/cklcomunicaciones.es\/coop\/aviso-legal\/#breadcrumb"},"inLanguage":"es","potentialAction":[{"@type":"ReadAction","target":["https:\/\/cklcomunicaciones.es\/coop\/aviso-legal\/"]}]},{"@type":"BreadcrumbList","@id":"https:\/\/cklcomunicaciones.es\/coop\/aviso-legal\/#breadcrumb","itemListElement":[{"@type":"ListItem","position":1,"name":"Portada","item":"https:\/\/cklcomunicaciones.es\/coop\/"},{"@type":"ListItem","position":2,"name":"Aviso legal"}]},{"@type":"WebSite","@id":"https:\/\/cklcomunicaciones.es\/coop\/#website","url":"https:\/\/cklcomunicaciones.es\/coop\/","name":"CKL Comunicaciones","description":"Sitio web de CKL Comunicaciones coop , la consultora de comunicaci\u00f3n y estrategia","potentialAction":[{"@type":"SearchAction","target":{"@type":"EntryPoint","urlTemplate":"https:\/\/cklcomunicaciones.es\/coop\/?s={search_term_string}"},"query-input":{"@type":"PropertyValueSpecification","valueRequired":true,"valueName":"search_term_string"}}],"inLanguage":"es"}]}},"_links":{"self":[{"href":"https:\/\/cklcomunicaciones.es\/coop\/wp-json\/wp\/v2\/pages\/7247","targetHints":{"allow":["GET"]}}],"collection":[{"href":"https:\/\/cklcomunicaciones.es\/coop\/wp-json\/wp\/v2\/pages"}],"about":[{"href":"https:\/\/cklcomunicaciones.es\/coop\/wp-json\/wp\/v2\/types\/page"}],"author":[{"embeddable":true,"href":"https:\/\/cklcomunicaciones.es\/coop\/wp-json\/wp\/v2\/users\/3"}],"replies":[{"embeddable":true,"href":"https:\/\/cklcomunicaciones.es\/coop\/wp-json\/wp\/v2\/comments?post=7247"}],"version-history":[{"count":0,"href":"https:\/\/cklcomunicaciones.es\/coop\/wp-json\/wp\/v2\/pages\/7247\/revisions"}],"wp:attachment":[{"href":"https:\/\/cklcomunicaciones.es\/coop\/wp-json\/wp\/v2\/media?parent=7247"}],"curies":[{"name":"wp","href":"https:\/\/api.w.org\/{rel}","templated":true}]}}