{"id":11102,"date":"2017-08-15T19:11:10","date_gmt":"2017-08-15T17:11:10","guid":{"rendered":"http:\/\/www.cklcomunicaciones.es\/?page_id=11102"},"modified":"2025-07-30T14:26:14","modified_gmt":"2025-07-30T12:26:14","slug":"privacidad","status":"publish","type":"page","link":"https:\/\/cklcomunicaciones.es\/coop\/privacidad\/","title":{"rendered":"Pol\u00edtica de privacidad"},"content":{"rendered":"<div class=\"fusion-fullwidth fullwidth-box fusion-builder-row-1 fusion-flex-container has-pattern-background has-mask-background nonhundred-percent-fullwidth non-hundred-percent-height-scrolling\" style=\"--awb-border-radius-top-left:0px;--awb-border-radius-top-right:0px;--awb-border-radius-bottom-right:0px;--awb-border-radius-bottom-left:0px;--awb-margin-top:20px;--awb-flex-wrap:wrap;\" ><div class=\"fusion-builder-row fusion-row fusion-flex-align-items-flex-start fusion-flex-content-wrap\" style=\"max-width:1248px;margin-left: calc(-4% \/ 2 );margin-right: calc(-4% \/ 2 );\"><div class=\"fusion-layout-column fusion_builder_column fusion-builder-column-0 fusion_builder_column_1_1 1_1 fusion-flex-column\" style=\"--awb-bg-blend:overlay;--awb-bg-size:cover;--awb-width-large:100%;--awb-margin-top-large:0px;--awb-spacing-right-large:1.92%;--awb-margin-bottom-large:0px;--awb-spacing-left-large:1.92%;--awb-width-medium:100%;--awb-spacing-right-medium:1.92%;--awb-spacing-left-medium:1.92%;--awb-width-small:100%;--awb-spacing-right-small:1.92%;--awb-spacing-left-small:1.92%;\"><div class=\"fusion-column-wrapper fusion-flex-justify-content-flex-start fusion-content-layout-column\"><div class=\"fusion-text fusion-text-1\"><div id=\"pl-11102\" class=\"panel-layout\">\n<div id=\"pg-11102-0\" class=\"panel-grid panel-no-style\" data-style=\"{\">\n<div id=\"pgc-11102-0-1\" class=\"panel-grid-cell panel-grid-cell-mobile-last\" data-weight=\"0.8\">\n<div id=\"panel-11102-0-1-1\" class=\"so-panel widget widget_sow-editor panel-last-child\" data-index=\"1\" data-style=\"{\">\n<div class=\"so-widget-sow-editor so-widget-sow-editor-base\">\n<div class=\"siteorigin-widget-tinymce textwidget\">\n<p>CKL Comunicaciones, S. Coop. And. informa a las personas usuarias de su p\u00e1gina web <a href=\"http:\/\/www.cklcomunicaciones.es\/\">cklcomunicaciones.es<\/a> a trav\u00e9s de esta Pol\u00edtica de Privacidad sobre el tratamiento y protecci\u00f3n de los datos de car\u00e1cter personal de las personas usuarias que puedan ser recabados mediante su navegaci\u00f3n o contrataci\u00f3n de servicios que realicen en este portal. El uso de esta web por parte de la persona usuaria conlleva la aceptaci\u00f3n por su parte de esta Pol\u00edtica de Privacidad.<\/p>\n<p>CKL Comunicaciones, S. Coop. And. adopta las medidas necesarias para garantizar la seguridad, integridad y confidencialidad de los datos conforme a lo establecido en el Reglamento (UE) 2016\/679 del Parlamento Europeo y del Consejo, de 27 de abril de 2016, relativo a la protecci\u00f3n de las personas f\u00edsicas en lo que respecta al tratamiento de datos personales y a la libre circulaci\u00f3n de los mismos, y en aquello no previsto por \u00e9ste por la Ley Org\u00e1nica 3\/2018 de 5 de diciembre, de Protecci\u00f3n de Datos Personales y garant\u00eda de los derechos digitales, el Real Decreto 1720\/2007, de 21 de diciembre, por el que se aprueba el Reglamento de desarrollo de la Ley Org\u00e1nica de Protecci\u00f3n de Datos, y la Ley 34\/2002, de 11 de julio, de Servicios de la Sociedad de la Informaci\u00f3n y de Comercio Electr\u00f3nico.<\/p>\n<p>Mediante los formularios de registro del presente sitio web o el env\u00edo de correo electr\u00f3nico se recogen y tratan datos personales de cada persona usuaria que son necesarios para la gesti\u00f3n y mantenimiento de algunos de los servicios prestados y cuyo tratamiento se rige por la presente Pol\u00edtica de Privacidad.<\/p>\n<p><strong>RESPONSABLE DEL TRATAMIENTO DE LOS DATOS PERSONALES<\/strong><\/p>\n<p>La responsable del tratamiento de los datos personales que la persona usuaria facilite al acceder y utilizar el sitio web, es, en calidad de propietaria, CKL Comunicaciones, S. Coop. And., con NIF n.\u00ba F-91.477.273, con domicilio social en C. P\u00e9rez Gald\u00f3s 22 Primero, CP 41004, Sevilla, inscrita en el Registro Andaluz de Cooperativas, y correo electr\u00f3nico info@cklcomunicaciones.es.<\/p>\n<p>CKL Comunicaciones, S. Coop. And. se compromete a aplicar las medidas de seguridad inform\u00e1tica previstas en la normativa citada previamente, con el objetivo de impedir el acceso o uso indebido de los datos, su manipulaci\u00f3n, deterioro o p\u00e9rdida.<\/p>\n<p><strong>DURACI\u00d3N DEL ALMACENAMIENTO DE LOS DATOS<\/strong><\/p>\n<p>CKL Comunicaciones, S. Coop. And., como responsable del tratamiento, se compromete a almacenar y gestionar los datos personales e informaci\u00f3n recogida mediante esta p\u00e1gina web con la debida confidencialidad mientras se mantenga la relaci\u00f3n profesional surgida y la persona interesada no solicite su supresi\u00f3n, y en su caso, por un plazo no superior a 5 a\u00f1os, a contar desde la finalizaci\u00f3n de la relaci\u00f3n comercial establecida entre la persona usuaria y CKL Comunicaciones, S. Coop. And. No obstante, el responsable del tratamiento podr\u00e1 conservar, debidamente bloqueados, los datos para atender posibles responsabilidades administrativas o jurisdiccionales.<\/p>\n<p><strong>FINALIDADES DEL TRATAMIENTO DE DATOS<\/strong><\/p>\n<p>Las operaciones, gestiones y procedimientos t\u00e9cnicos, ya sean realizados de forma automatizada como no automatizada, que posibiliten la recogida, almacenamiento, modificaci\u00f3n, transferencia y otras acciones sobre datos de car\u00e1cter personal, tienen la consideraci\u00f3n de tratamiento de datos personales.<\/p>\n<p>En CKL Comunicaciones, S. Coop. And. tratamos los datos personales que la persona usuaria nos facilita a trav\u00e9s de <a href=\"http:\/\/www.cklcomunicaciones.es\">cklcomunicaciones.es<\/a> con el fin de incluirlos en la agenda de contactos, gestionar la relaci\u00f3n solicitada, que podr\u00e1 ser comercial o no, y utilizar as\u00ed esta informaci\u00f3n como medio de contacto de dicha empresa. Adem\u00e1s, el tratamiento de estos datos recabados tambi\u00e9n implica gestionar el env\u00edo de la informaci\u00f3n que nos sea solicitada y poder responder a las consultas o cuestiones que la persona usuaria remita a trav\u00e9s del sitio web, facilitando a su vez a los interesados las ofertas de servicios que sean de su inter\u00e9s o cualquier otra informaci\u00f3n que se aborde.<\/p>\n<p>Los campos de los registros se deben cumplimentar obligatoriamente para que CKL Comunicaciones, S. Coop. And. pueda cumplir con las finalidades mencionadas con anterioridad.<\/p>\n<p>La persona usuaria puede oponerse al env\u00edo de comunicaciones comerciales en cualquier momento mediante el env\u00edo de un mensaje de correo electr\u00f3nico a la direcci\u00f3n indicada supra l\u00edneas.<\/p>\n<p><strong>LEGITIMACI\u00d3N PARA EL TRATAMIENTO DE LOS DATOS<\/strong><\/p>\n<p>El tratamiento de los datos personales que proporciona la persona usuaria se realiza en base a las siguientes bases jur\u00eddicas que legitiman el mismo:<\/p>\n<ul>\n<li>La contrataci\u00f3n de servicios de CKL Comunicaciones, S. Coop. And. y la ejecuci\u00f3n del encargo profesional solicitado, cuyos t\u00e9rminos y condiciones se pondr\u00e1n a disposici\u00f3n de la persona usuaria de forma previa a una eventual contrataci\u00f3n. Para poder llevar a cabo esta relaci\u00f3n profesional solicitada, la interesada est\u00e1 obligado a facilitar sus datos.<\/li>\n<li>El consentimiento libre, espec\u00edfico, informado e inequ\u00edvoco, ya que tras la lectura de la presente Pol\u00edtica de Privacidad la persona usuaria queda informada y, en caso de estar conforme, puede aceptarla mediante una declaraci\u00f3n o una clara acci\u00f3n afirmativa, como el marcado de una casilla que se dispone al efecto.<\/li>\n<\/ul>\n<p>En el caso de que la persona interesada no facilite los citados datos o \u00e9stos sean err\u00f3neos o inexactos, no podremos atender su solicitud, resultando imposible proporcionarle la informaci\u00f3n solicitada o llevar a cabo la contrataci\u00f3n de los servicios. Por tanto, la responsable del tratamiento, CKL Comunicaciones, S. Coop. And., quedar\u00e1 exonerado de toda responsabilidad que pudiera derivarse de la no ejecuci\u00f3n del encargo profesional o de las consecuencias que se deriven de estas informaciones inexactas o err\u00f3neas.<\/p>\n<p><strong>COMUNICACI\u00d3N DE DATOS<\/strong><\/p>\n<p>Con car\u00e1cter general CKL Comunicaciones, S. Coop. And. no comunicar\u00e1 estos datos personales a terceros, con la salvedad de que la prestaci\u00f3n de un servicio implique la necesidad de una relaci\u00f3n contractual con un encargado de tratamiento y ello sea estrictamente necesario para gestionar y mantener la relaci\u00f3n entre la persona usuaria y la mencionada empresa, previa autorizaci\u00f3n expresa por parte de la persona usuaria. Esto se har\u00e1 s\u00f3lo durante el tiempo imprescindible para posibilitar la ejecuci\u00f3n del contrato de encargo, y en las mismas condiciones y con las mismas responsabilidades que se le exigen al responsable. Una vez finalizado el encargo, el encargado del tratamiento devolver\u00e1 a la Responsable los datos personales y suprimir\u00e1 cualquier copia de la que disponga.<\/p>\n<p>Por otra parte, s\u00f3lo tendr\u00e1n derecho a acceder a estos datos personales los terceros con los que CKL Comunicaciones, S. Coop. And. tenga una obligaci\u00f3n legal o contractual de facilitarlos, entre los que se incluyen, por ejemplo, el Defensor del Pueblo y Jueces y Tribunales interesados en los procedimientos relacionados con las reclamaciones presentadas.<\/p>\n<p><strong>DERECHOS DE LAS PERSONAS INTERESADAS<\/strong><\/p>\n<p>La persona usuaria podr\u00e1 ejercitar en todo momento, en los t\u00e9rminos establecidos en la legislaci\u00f3n vigente, los derechos de acceso, rectificaci\u00f3n o supresi\u00f3n de datos, solicitar que se limite el tratamiento, oponerse al mismo, solicitar la portabilidad de sus datos, as\u00ed como revocar el consentimiento prestado, derechos reconocidos en el citado Reglamento (UE). El ejercicio de estos derechos puede realizarlo la propia persona usuaria dirigi\u00e9ndose a CKL Comunicaciones, S. Coop. And. en la direcci\u00f3n de su sede social indicada anteriormente o a trav\u00e9s del env\u00edo de un correo electr\u00f3nico a la siguiente direcci\u00f3n info@cklcomunicaciones.es.<\/p>\n<p>Para el efectivo ejercicio de estos derechos, la persona usuaria deber\u00e1 acreditar su identidad facilitando su nombre y apellidos, fotocopia del DNI o documento identificativo equivalente que acredite su identidad, petici\u00f3n en la que se concrete la solicitud, direcci\u00f3n a efectos de notificaciones, y fecha y firma de la persona solicitante.<\/p>\n<p>Asimismo, la persona usuaria podr\u00e1 reclamar ante la Agencia Espa\u00f1ola de Protecci\u00f3n de Datos (Autoridad de Control competente en esta materia), especialmente cuando no haya obtenido satisfacci\u00f3n en el ejercicio de sus derechos, mediante escrito dirigido a misma, C\/Jorge Juan, n\u00ba 6, 28001 \u2013 Madrid, o a trav\u00e9s de la web: <a href=\"https:\/\/www.agpd.es\/\">https:\/\/www.agpd.es<\/a><\/p>\n<p><strong>\u00daltima actualizaci\u00f3n<\/strong>: Diciembre, 2024.<\/p>\n<\/div>\n<\/div>\n<\/div>\n<\/div>\n<div id=\"pgc-11102-0-2\" class=\"panel-grid-cell panel-grid-cell-empty\" data-weight=\"0.1\"><\/div>\n<\/div>\n<\/div>\n<\/div><\/div><\/div><\/div><\/div>\n","protected":false},"excerpt":{"rendered":"","protected":false},"author":3,"featured_media":0,"parent":0,"menu_order":0,"comment_status":"closed","ping_status":"closed","template":"","meta":{"footnotes":""},"class_list":["post-11102","page","type-page","status-publish","hentry"],"yoast_head":"<!-- This site is optimized with the Yoast SEO plugin v27.4 - https:\/\/yoast.com\/product\/yoast-seo-wordpress\/ -->\n<title>Pol\u00edtica de privacidad - CKL Comunicaciones<\/title>\n<meta name=\"robots\" content=\"index, follow, max-snippet:-1, max-image-preview:large, max-video-preview:-1\" \/>\n<link rel=\"canonical\" href=\"https:\/\/cklcomunicaciones.es\/coop\/privacidad\/\" \/>\n<meta property=\"og:locale\" content=\"es_ES\" \/>\n<meta property=\"og:type\" content=\"article\" \/>\n<meta property=\"og:title\" content=\"Pol\u00edtica de privacidad - CKL Comunicaciones\" \/>\n<meta property=\"og:url\" content=\"https:\/\/cklcomunicaciones.es\/coop\/privacidad\/\" \/>\n<meta property=\"og:site_name\" content=\"CKL Comunicaciones\" \/>\n<meta property=\"article:modified_time\" content=\"2025-07-30T12:26:14+00:00\" \/>\n<meta property=\"og:image\" content=\"https:\/\/cklcomunicaciones.es\/coop\/wp-content\/uploads\/2021\/04\/CKL-MiradaDistinta-newsletter2021_1200-x-675.jpg\" \/>\n\t<meta property=\"og:image:width\" content=\"1200\" \/>\n\t<meta property=\"og:image:height\" content=\"676\" \/>\n\t<meta property=\"og:image:type\" content=\"image\/jpeg\" \/>\n<meta name=\"twitter:card\" content=\"summary_large_image\" \/>\n<meta name=\"twitter:label1\" content=\"Tiempo de lectura\" \/>\n\t<meta name=\"twitter:data1\" content=\"6 minutos\" \/>\n<script type=\"application\/ld+json\" class=\"yoast-schema-graph\">{\"@context\":\"https:\\\/\\\/schema.org\",\"@graph\":[{\"@type\":\"WebPage\",\"@id\":\"https:\\\/\\\/cklcomunicaciones.es\\\/coop\\\/privacidad\\\/\",\"url\":\"https:\\\/\\\/cklcomunicaciones.es\\\/coop\\\/privacidad\\\/\",\"name\":\"Pol\u00edtica de privacidad - CKL Comunicaciones\",\"isPartOf\":{\"@id\":\"https:\\\/\\\/cklcomunicaciones.es\\\/coop\\\/#website\"},\"datePublished\":\"2017-08-15T17:11:10+00:00\",\"dateModified\":\"2025-07-30T12:26:14+00:00\",\"breadcrumb\":{\"@id\":\"https:\\\/\\\/cklcomunicaciones.es\\\/coop\\\/privacidad\\\/#breadcrumb\"},\"inLanguage\":\"es\",\"potentialAction\":[{\"@type\":\"ReadAction\",\"target\":[\"https:\\\/\\\/cklcomunicaciones.es\\\/coop\\\/privacidad\\\/\"]}]},{\"@type\":\"BreadcrumbList\",\"@id\":\"https:\\\/\\\/cklcomunicaciones.es\\\/coop\\\/privacidad\\\/#breadcrumb\",\"itemListElement\":[{\"@type\":\"ListItem\",\"position\":1,\"name\":\"Portada\",\"item\":\"https:\\\/\\\/cklcomunicaciones.es\\\/coop\\\/\"},{\"@type\":\"ListItem\",\"position\":2,\"name\":\"Pol\u00edtica de privacidad\"}]},{\"@type\":\"WebSite\",\"@id\":\"https:\\\/\\\/cklcomunicaciones.es\\\/coop\\\/#website\",\"url\":\"https:\\\/\\\/cklcomunicaciones.es\\\/coop\\\/\",\"name\":\"CKL Comunicaciones\",\"description\":\"Sitio web de CKL Comunicaciones coop , la consultora de comunicaci\u00f3n y estrategia\",\"potentialAction\":[{\"@type\":\"SearchAction\",\"target\":{\"@type\":\"EntryPoint\",\"urlTemplate\":\"https:\\\/\\\/cklcomunicaciones.es\\\/coop\\\/?s={search_term_string}\"},\"query-input\":{\"@type\":\"PropertyValueSpecification\",\"valueRequired\":true,\"valueName\":\"search_term_string\"}}],\"inLanguage\":\"es\"}]}<\/script>\n<!-- \/ Yoast SEO plugin. -->","yoast_head_json":{"title":"Pol\u00edtica de privacidad - CKL Comunicaciones","robots":{"index":"index","follow":"follow","max-snippet":"max-snippet:-1","max-image-preview":"max-image-preview:large","max-video-preview":"max-video-preview:-1"},"canonical":"https:\/\/cklcomunicaciones.es\/coop\/privacidad\/","og_locale":"es_ES","og_type":"article","og_title":"Pol\u00edtica de privacidad - CKL Comunicaciones","og_url":"https:\/\/cklcomunicaciones.es\/coop\/privacidad\/","og_site_name":"CKL Comunicaciones","article_modified_time":"2025-07-30T12:26:14+00:00","og_image":[{"width":1200,"height":676,"url":"https:\/\/cklcomunicaciones.es\/coop\/wp-content\/uploads\/2021\/04\/CKL-MiradaDistinta-newsletter2021_1200-x-675.jpg","type":"image\/jpeg"}],"twitter_card":"summary_large_image","twitter_misc":{"Tiempo de lectura":"6 minutos"},"schema":{"@context":"https:\/\/schema.org","@graph":[{"@type":"WebPage","@id":"https:\/\/cklcomunicaciones.es\/coop\/privacidad\/","url":"https:\/\/cklcomunicaciones.es\/coop\/privacidad\/","name":"Pol\u00edtica de privacidad - CKL Comunicaciones","isPartOf":{"@id":"https:\/\/cklcomunicaciones.es\/coop\/#website"},"datePublished":"2017-08-15T17:11:10+00:00","dateModified":"2025-07-30T12:26:14+00:00","breadcrumb":{"@id":"https:\/\/cklcomunicaciones.es\/coop\/privacidad\/#breadcrumb"},"inLanguage":"es","potentialAction":[{"@type":"ReadAction","target":["https:\/\/cklcomunicaciones.es\/coop\/privacidad\/"]}]},{"@type":"BreadcrumbList","@id":"https:\/\/cklcomunicaciones.es\/coop\/privacidad\/#breadcrumb","itemListElement":[{"@type":"ListItem","position":1,"name":"Portada","item":"https:\/\/cklcomunicaciones.es\/coop\/"},{"@type":"ListItem","position":2,"name":"Pol\u00edtica de privacidad"}]},{"@type":"WebSite","@id":"https:\/\/cklcomunicaciones.es\/coop\/#website","url":"https:\/\/cklcomunicaciones.es\/coop\/","name":"CKL Comunicaciones","description":"Sitio web de CKL Comunicaciones coop , la consultora de comunicaci\u00f3n y estrategia","potentialAction":[{"@type":"SearchAction","target":{"@type":"EntryPoint","urlTemplate":"https:\/\/cklcomunicaciones.es\/coop\/?s={search_term_string}"},"query-input":{"@type":"PropertyValueSpecification","valueRequired":true,"valueName":"search_term_string"}}],"inLanguage":"es"}]}},"_links":{"self":[{"href":"https:\/\/cklcomunicaciones.es\/coop\/wp-json\/wp\/v2\/pages\/11102","targetHints":{"allow":["GET"]}}],"collection":[{"href":"https:\/\/cklcomunicaciones.es\/coop\/wp-json\/wp\/v2\/pages"}],"about":[{"href":"https:\/\/cklcomunicaciones.es\/coop\/wp-json\/wp\/v2\/types\/page"}],"author":[{"embeddable":true,"href":"https:\/\/cklcomunicaciones.es\/coop\/wp-json\/wp\/v2\/users\/3"}],"replies":[{"embeddable":true,"href":"https:\/\/cklcomunicaciones.es\/coop\/wp-json\/wp\/v2\/comments?post=11102"}],"version-history":[{"count":0,"href":"https:\/\/cklcomunicaciones.es\/coop\/wp-json\/wp\/v2\/pages\/11102\/revisions"}],"wp:attachment":[{"href":"https:\/\/cklcomunicaciones.es\/coop\/wp-json\/wp\/v2\/media?parent=11102"}],"curies":[{"name":"wp","href":"https:\/\/api.w.org\/{rel}","templated":true}]}}